{"id":218,"date":"2021-03-30T09:25:35","date_gmt":"2021-03-30T09:25:35","guid":{"rendered":"http:\/\/klemmerhof.at\/kh_wordpress1\/?page_id=218"},"modified":"2023-06-02T09:59:00","modified_gmt":"2023-06-02T07:59:00","slug":"zimmer-apartments","status":"publish","type":"page","link":"https:\/\/klemmerhof.at\/index.php\/zimmer-apartments\/","title":{"rendered":"Zimmer und Apartments"},"content":{"rendered":"<div id=\"pl-218\"  class=\"panel-layout\" ><div id=\"pg-218-0\"  class=\"panel-grid panel-no-style\" ><div id=\"pgc-218-0-0\"  class=\"panel-grid-cell\" ><div id=\"panel-218-0-0-0\" class=\"so-panel widget widget_sow-headline panel-first-child\" data-index=\"0\" ><div\n\t\t\t\n\t\t\tclass=\"so-widget-sow-headline so-widget-sow-headline-default-6b52635ceda7-218\"\n\t\t\t\n\t\t><div class=\"sow-headline-container \">\n\t<h1 class='sow-headline'>Unsere Zimmer &amp; Apartments<\/h1><\/div><\/div><\/div><div id=\"panel-218-0-0-1\" class=\"so-panel widget widget_sow-image\" data-index=\"1\" ><div\n\t\t\t\n\t\t\tclass=\"so-widget-sow-image so-widget-sow-image-default-17bc2272b535-218\"\n\t\t\t\n\t\t>\n\n<div class=\"sow-image-container\">\n\t\t<img src=\"https:\/\/klemmerhof.at\/wp-content\/uploads\/2021\/03\/4-daisies-klemmer.png\" width=\"150\" height=\"150\" srcset=\"https:\/\/klemmerhof.at\/wp-content\/uploads\/2021\/03\/4-daisies-klemmer.png 500w, https:\/\/klemmerhof.at\/wp-content\/uploads\/2021\/03\/4-daisies-klemmer-300x300.png 300w, https:\/\/klemmerhof.at\/wp-content\/uploads\/2021\/03\/4-daisies-klemmer-150x150.png 150w\" sizes=\"(max-width: 150px) 100vw, 150px\" title=\"klemmerhof logo\" alt=\"klemmerhof logo\" loading=\"lazy\" \t\tclass=\"so-widget-image\"\/>\n\t<\/div>\n\n<\/div><\/div><div id=\"panel-218-0-0-2\" class=\"so-panel widget widget_sow-editor panel-last-child\" data-index=\"2\" ><div\n\t\t\t\n\t\t\tclass=\"so-widget-sow-editor so-widget-sow-editor-base\"\n\t\t\t\n\t\t>\n<div class=\"siteorigin-widget-tinymce textwidget\">\n\t<p style=\"text-align: center;\">Am Klemmerhof in Rohrmoos bei Schladming bieten wir Ihnen alles, was das Urlauberherz begehrt. Gem\u00fctliche Pensionszimmer f\u00fcr alle, die sich gern bewirten lassen und gro\u00dfz\u00fcgige Apartments f\u00fcr alle, denen auch im Urlaub ein St\u00fcck Unabh\u00e4ngigkeit wichtig ist. Unser Angebot ist ideal auf Ihren Urlaub abgestimmt: ob mit Fr\u00fchst\u00fcck oder im Winter auch Abendessen (Halbpension), das bleibt ganz Ihnen \u00fcberlassen - unabh\u00e4ngig, ob Sie in einem Apartment oder in einem der Zimmer im Haupthaus n\u00e4chtigen.<\/p>\n<p style=\"text-align: center;\">Unser entspannender Wellness-Bereich l\u00e4dt zum Relaxen und Abschalten ein, unsere gem\u00fctliche Stube mit Kachelofen abends zum Zusammensitzen und Gesellig-Sein.<\/p>\n<p style=\"text-align: center;\">Wir w\u00fcrden uns freuen, wenn wir Sie bei uns als unsere G\u00e4ste begr\u00fc\u00dfen d\u00fcrften.<\/p>\n<\/div>\n<\/div><\/div><\/div><\/div><div id=\"pg-218-1\"  class=\"panel-grid panel-no-style\" ><div id=\"pgc-218-1-0\"  class=\"panel-grid-cell\" ><div id=\"panel-218-1-0-0\" class=\"so-panel widget widget_sow-hero panel-first-child panel-last-child\" data-index=\"3\" ><div\n\t\t\t\n\t\t\tclass=\"so-widget-sow-hero so-widget-sow-hero-default-83b13d24f340-218 so-widget-fittext-wrapper\"\n\t\t\t data-fit-text-compressor=\"0.85\"\n\t\t><div class=\"sow-slider-base\" style=\"display: none\"><ul\n\t\t\t\t\tclass=\"sow-slider-images\"\n\t\t\t\t\tdata-settings=\"{&quot;pagination&quot;:true,&quot;speed&quot;:800,&quot;timeout&quot;:8000,&quot;paused&quot;:false,&quot;pause_on_hover&quot;:false,&quot;swipe&quot;:true,&quot;nav_always_show_desktop&quot;:&quot;&quot;,&quot;nav_always_show_mobile&quot;:&quot;&quot;,&quot;breakpoint&quot;:&quot;780px&quot;,&quot;unmute&quot;:false,&quot;anchor&quot;:null}\"\n\t\t\t\t\tstyle=\"min-height: 300px\"\t\t\t\t\tdata-anchor-id=\"\"\n\t\t\t\t>\t\t<li class=\"sow-slider-image  sow-slider-image-cover\" style=\"background-color: #333333;background-image: url(https:\/\/klemmerhof.at\/wp-content\/uploads\/2021\/03\/DSC_0125-scaled.jpg);cursor: pointer;\" data-url=\"{&quot;url&quot;:&quot;https:\\\/\\\/klemmerhof.at\\\/index.php\\\/zimmer\\\/&quot;,&quot;new_window&quot;:false}\" >\n\t\t\t\t\t<div class=\"sow-slider-image-container\">\n\t\t\t<div class=\"sow-slider-image-wrapper\">\n\t\t\t\t<h1>Die Zimmer<\/h1>\n\t\t\t<\/div>\n\t\t<\/div>\n\t\t\t\t<\/li>\n\t\t<\/ul>\t\t\t\t<ol class=\"sow-slider-pagination\">\n\t\t\t\t\t\t\t\t\t\t\t<li><a href=\"#\" data-goto=\"0\" aria-label=\"display slide 1\"><\/a><\/li>\n\t\t\t\t\t\t\t\t\t<\/ol>\n\n\t\t\t\t<div class=\"sow-slide-nav sow-slide-nav-next\">\n\t\t\t\t\t<a href=\"#\" data-goto=\"next\" aria-label=\"next slide\" data-action=\"next\">\n\t\t\t\t\t\t<em class=\"sow-sld-icon-thin-right\"><\/em>\n\t\t\t\t\t<\/a>\n\t\t\t\t<\/div>\n\n\t\t\t\t<div class=\"sow-slide-nav sow-slide-nav-prev\">\n\t\t\t\t\t<a href=\"#\" data-goto=\"previous\" aria-label=\"previous slide\" data-action=\"prev\">\n\t\t\t\t\t\t<em class=\"sow-sld-icon-thin-left\"><\/em>\n\t\t\t\t\t<\/a>\n\t\t\t\t<\/div>\n\t\t\t\t<\/div><\/div><\/div><\/div><div id=\"pgc-218-1-1\"  class=\"panel-grid-cell\" ><div id=\"panel-218-1-1-0\" class=\"so-panel widget widget_sow-hero panel-first-child panel-last-child\" data-index=\"4\" ><div\n\t\t\t\n\t\t\tclass=\"so-widget-sow-hero so-widget-sow-hero-default-83b13d24f340-218 so-widget-fittext-wrapper\"\n\t\t\t data-fit-text-compressor=\"0.85\"\n\t\t><div class=\"sow-slider-base\" style=\"display: none\"><ul\n\t\t\t\t\tclass=\"sow-slider-images\"\n\t\t\t\t\tdata-settings=\"{&quot;pagination&quot;:true,&quot;speed&quot;:800,&quot;timeout&quot;:8000,&quot;paused&quot;:false,&quot;pause_on_hover&quot;:false,&quot;swipe&quot;:true,&quot;nav_always_show_desktop&quot;:&quot;&quot;,&quot;nav_always_show_mobile&quot;:&quot;&quot;,&quot;breakpoint&quot;:&quot;780px&quot;,&quot;unmute&quot;:false,&quot;anchor&quot;:null}\"\n\t\t\t\t\tstyle=\"min-height: 300px\"\t\t\t\t\tdata-anchor-id=\"\"\n\t\t\t\t>\t\t<li class=\"sow-slider-image  sow-slider-image-cover\" style=\"background-color: #333333;background-image: url(https:\/\/klemmerhof.at\/wp-content\/uploads\/2021\/03\/IMG_0828.jpg);cursor: pointer;\" data-url=\"{&quot;url&quot;:&quot;https:\\\/\\\/klemmerhof.at\\\/index.php\\\/apartments\\\/&quot;,&quot;new_window&quot;:false}\" >\n\t\t\t\t\t<div class=\"sow-slider-image-container\">\n\t\t\t<div class=\"sow-slider-image-wrapper\">\n\t\t\t\t<h1 style=\"text-align: right\">Die Apartments<\/h1>\n\t\t\t<\/div>\n\t\t<\/div>\n\t\t\t\t<\/li>\n\t\t<\/ul>\t\t\t\t<ol class=\"sow-slider-pagination\">\n\t\t\t\t\t\t\t\t\t\t\t<li><a href=\"#\" data-goto=\"0\" aria-label=\"display slide 1\"><\/a><\/li>\n\t\t\t\t\t\t\t\t\t<\/ol>\n\n\t\t\t\t<div class=\"sow-slide-nav sow-slide-nav-next\">\n\t\t\t\t\t<a href=\"#\" data-goto=\"next\" aria-label=\"next slide\" data-action=\"next\">\n\t\t\t\t\t\t<em class=\"sow-sld-icon-thin-right\"><\/em>\n\t\t\t\t\t<\/a>\n\t\t\t\t<\/div>\n\n\t\t\t\t<div class=\"sow-slide-nav sow-slide-nav-prev\">\n\t\t\t\t\t<a href=\"#\" data-goto=\"previous\" aria-label=\"previous slide\" data-action=\"prev\">\n\t\t\t\t\t\t<em class=\"sow-sld-icon-thin-left\"><\/em>\n\t\t\t\t\t<\/a>\n\t\t\t\t<\/div>\n\t\t\t\t<\/div><\/div><\/div><\/div><\/div><div id=\"pg-218-2\"  class=\"panel-grid panel-no-style\" ><div id=\"pgc-218-2-0\"  class=\"panel-grid-cell\" ><div id=\"panel-218-2-0-0\" class=\"so-panel widget widget_sow-headline panel-first-child panel-last-child\" data-index=\"5\" ><div\n\t\t\t\n\t\t\tclass=\"so-widget-sow-headline so-widget-sow-headline-default-ea0af4cf39ae-218\"\n\t\t\t\n\t\t><div class=\"sow-headline-container \">\n\t\t\t\t\t\t<div class=\"decoration\">\n\t\t\t\t\t\t<div class=\"decoration-inside\"><\/div>\n\t\t\t\t\t<\/div>\n\t\t\t\t\t<\/div><\/div><\/div><\/div><\/div><div id=\"pg-218-3\"  class=\"panel-grid panel-no-style\" ><div id=\"pgc-218-3-0\"  class=\"panel-grid-cell\" ><div id=\"panel-218-3-0-0\" class=\"so-panel widget widget_sow-image panel-first-child panel-last-child\" data-index=\"6\" ><div\n\t\t\t\n\t\t\tclass=\"so-widget-sow-image so-widget-sow-image-default-6b88c04c1f9b-218\"\n\t\t\t\n\t\t>\n\n<div class=\"sow-image-container\">\n\t\t\t<a\n\t\t\thref=\"https:\/\/klemmerhof.at\/index.php\/urlaub-am-bauernhof\/\"\n\t\t\t\t\t>\n\t\t\t<img src=\"https:\/\/klemmerhof.at\/wp-content\/uploads\/2021\/03\/DSC_0149-300x201.jpg\" width=\"300\" height=\"201\" srcset=\"https:\/\/klemmerhof.at\/wp-content\/uploads\/2021\/03\/DSC_0149-300x201.jpg 300w, https:\/\/klemmerhof.at\/wp-content\/uploads\/2021\/03\/DSC_0149-1024x685.jpg 1024w, https:\/\/klemmerhof.at\/wp-content\/uploads\/2021\/03\/DSC_0149-768x514.jpg 768w, https:\/\/klemmerhof.at\/wp-content\/uploads\/2021\/03\/DSC_0149-1536x1028.jpg 1536w, https:\/\/klemmerhof.at\/wp-content\/uploads\/2021\/03\/DSC_0149-2048x1371.jpg 2048w, https:\/\/klemmerhof.at\/wp-content\/uploads\/2021\/03\/DSC_0149-272x182.jpg 272w\" sizes=\"(max-width: 300px) 100vw, 300px\" title=\"Haus &amp; Hof\" alt=\"Klemmerhof, urlaub, rohrmoos, schladming, urlaub am bauernhof, g\u00e4stezimmer, ferienwohnungen, ski amade, planai, hochwurzen, reiteralm\" loading=\"lazy\" \t\tclass=\"so-widget-image\"\/>\n\t<\/a><\/div>\n\n<h3 class=\"widget-title\">Haus &amp; Hof<\/h3><\/div><\/div><\/div><div id=\"pgc-218-3-1\"  class=\"panel-grid-cell\" ><div id=\"panel-218-3-1-0\" class=\"so-panel widget widget_sow-image panel-first-child panel-last-child\" data-index=\"7\" ><div\n\t\t\t\n\t\t\tclass=\"so-widget-sow-image so-widget-sow-image-default-6b88c04c1f9b-218\"\n\t\t\t\n\t\t>\n\n<div class=\"sow-image-container\">\n\t\t\t<a\n\t\t\thref=\"https:\/\/klemmerhof.at\/index.php\/urlaub-am-bauernhof\/\"\n\t\t\t\t\t>\n\t\t\t<img src=\"https:\/\/klemmerhof.at\/wp-content\/uploads\/2021\/03\/sonnenstu\u0308berl_rohrmoos2-300x200.jpeg\" width=\"300\" height=\"200\" srcset=\"https:\/\/klemmerhof.at\/wp-content\/uploads\/2021\/03\/sonnenstu\u0308berl_rohrmoos2-300x200.jpeg 300w, https:\/\/klemmerhof.at\/wp-content\/uploads\/2021\/03\/sonnenstu\u0308berl_rohrmoos2-1024x683.jpeg 1024w, https:\/\/klemmerhof.at\/wp-content\/uploads\/2021\/03\/sonnenstu\u0308berl_rohrmoos2-768x512.jpeg 768w, https:\/\/klemmerhof.at\/wp-content\/uploads\/2021\/03\/sonnenstu\u0308berl_rohrmoos2-1536x1024.jpeg 1536w, https:\/\/klemmerhof.at\/wp-content\/uploads\/2021\/03\/sonnenstu\u0308berl_rohrmoos2-272x182.jpeg 272w, https:\/\/klemmerhof.at\/wp-content\/uploads\/2021\/03\/sonnenstu\u0308berl_rohrmoos2.jpeg 2048w\" sizes=\"(max-width: 300px) 100vw, 300px\" title=\"Skih\u00fctte Sonnenst\u00fcberl\" alt=\"sonnenst\u00fcberl rohrmoos skiurlaub skih\u00fctte winterurlaub klemmerhof\" loading=\"lazy\" \t\tclass=\"so-widget-image\"\/>\n\t<\/a><\/div>\n\n<h3 class=\"widget-title\">Skih\u00fctte Sonnenst\u00fcberl<\/h3><\/div><\/div><\/div><div id=\"pgc-218-3-2\"  class=\"panel-grid-cell\" ><div id=\"panel-218-3-2-0\" class=\"so-panel widget widget_sow-image panel-first-child panel-last-child\" data-index=\"8\" ><div\n\t\t\t\n\t\t\tclass=\"so-widget-sow-image so-widget-sow-image-default-6b88c04c1f9b-218\"\n\t\t\t\n\t\t>\n\n<div class=\"sow-image-container\">\n\t\t\t<a\n\t\t\thref=\"https:\/\/klemmerhof.at\/index.php\/wellness\/\"\n\t\t\t\t\t>\n\t\t\t<img src=\"https:\/\/klemmerhof.at\/wp-content\/uploads\/2021\/03\/DSC_0076-300x201.jpg\" width=\"300\" height=\"201\" srcset=\"https:\/\/klemmerhof.at\/wp-content\/uploads\/2021\/03\/DSC_0076-300x201.jpg 300w, https:\/\/klemmerhof.at\/wp-content\/uploads\/2021\/03\/DSC_0076-1024x685.jpg 1024w, https:\/\/klemmerhof.at\/wp-content\/uploads\/2021\/03\/DSC_0076-768x514.jpg 768w, https:\/\/klemmerhof.at\/wp-content\/uploads\/2021\/03\/DSC_0076-1536x1028.jpg 1536w, https:\/\/klemmerhof.at\/wp-content\/uploads\/2021\/03\/DSC_0076-2048x1371.jpg 2048w, https:\/\/klemmerhof.at\/wp-content\/uploads\/2021\/03\/DSC_0076-272x182.jpg 272w\" sizes=\"(max-width: 300px) 100vw, 300px\" title=\"Ausstattung &amp; Wellness\" alt=\"wellness, urlaub, sommerurlaub, winterurlaub, schladming-dachstein, schladming, rohrmoos, steiermark, ennstal\" loading=\"lazy\" \t\tclass=\"so-widget-image\"\/>\n\t<\/a><\/div>\n\n<h3 class=\"widget-title\">Ausstattung &amp; Wellness<\/h3><\/div><\/div><\/div><\/div><\/div>","protected":false},"excerpt":{"rendered":"<p>Am Klemmerhof in Rohrmoos bei Schladming bieten wir Ihnen alles, was das Urlauberherz begehrt. Gem\u00fctliche Pensionszimmer f\u00fcr alle, die sich gern bewirten lassen und gro\u00dfz\u00fcgige Apartments f\u00fcr alle, denen auch im Urlaub ein St\u00fcck Unabh\u00e4ngigkeit wichtig ist. Unser Angebot ist ideal auf Ihren Urlaub abgestimmt: ob mit Fr\u00fchst\u00fcck oder im Winter auch Abendessen (Halbpension), das &hellip;<\/p>\n<p class=\"read-more\"> <a class=\"\" href=\"https:\/\/klemmerhof.at\/index.php\/zimmer-apartments\/\"> <span class=\"screen-reader-text\">Zimmer und Apartments<\/span> Weiterlesen &raquo;<\/a><\/p>\n","protected":false},"author":2,"featured_media":43,"parent":0,"menu_order":0,"comment_status":"closed","ping_status":"closed","template":"","meta":{"site-sidebar-layout":"default","site-content-layout":"default","ast-global-header-display":"","ast-main-header-display":"","ast-hfb-above-header-display":"","ast-hfb-below-header-display":"","ast-hfb-mobile-header-display":"","site-post-title":"disabled","ast-breadcrumbs-content":"disabled","ast-featured-img":"disabled","footer-sml-layout":"","theme-transparent-header-meta":"default","adv-header-id-meta":"","stick-header-meta":"","header-above-stick-meta":"","header-main-stick-meta":"","header-below-stick-meta":""},"_links":{"self":[{"href":"https:\/\/klemmerhof.at\/index.php\/wp-json\/wp\/v2\/pages\/218"}],"collection":[{"href":"https:\/\/klemmerhof.at\/index.php\/wp-json\/wp\/v2\/pages"}],"about":[{"href":"https:\/\/klemmerhof.at\/index.php\/wp-json\/wp\/v2\/types\/page"}],"author":[{"embeddable":true,"href":"https:\/\/klemmerhof.at\/index.php\/wp-json\/wp\/v2\/users\/2"}],"replies":[{"embeddable":true,"href":"https:\/\/klemmerhof.at\/index.php\/wp-json\/wp\/v2\/comments?post=218"}],"version-history":[{"count":53,"href":"https:\/\/klemmerhof.at\/index.php\/wp-json\/wp\/v2\/pages\/218\/revisions"}],"predecessor-version":[{"id":606,"href":"https:\/\/klemmerhof.at\/index.php\/wp-json\/wp\/v2\/pages\/218\/revisions\/606"}],"wp:featuredmedia":[{"embeddable":true,"href":"https:\/\/klemmerhof.at\/index.php\/wp-json\/wp\/v2\/media\/43"}],"wp:attachment":[{"href":"https:\/\/klemmerhof.at\/index.php\/wp-json\/wp\/v2\/media?parent=218"}],"curies":[{"name":"wp","href":"https:\/\/api.w.org\/{rel}","templated":true}]}}